{"id":974,"date":"2025-09-28T17:13:03","date_gmt":"2025-09-28T15:13:03","guid":{"rendered":"https:\/\/grasovka.de\/pl\/?page_id=974"},"modified":"2025-12-10T18:37:05","modified_gmt":"2025-12-10T17:37:05","slug":"distributeure","status":"publish","type":"page","link":"https:\/\/grasovka.de\/pl\/distributeure\/","title":{"rendered":"Distributeure"},"content":{"rendered":"<div class=\"gb-container gb-container-4207d9dc alignfull\">\n<div class=\"gb-container gb-container-1977e64b\">\n\n<h2 class=\"gb-headline gb-headline-2a25b71b gb-headline-text\">Dystrybutorzy<\/h2>\n\n\n\n<h5 class=\"gb-headline gb-headline-2ff7a350 gb-headline-text\">Grasovka jest dost\u0119pna w wielu krajach. Je\u015bli Tw\u00f3j kraj nie jest wymieniony, skontaktuj si\u0119 z nami pod adresem\u00a0<a href=\"mailto:info@grasovka.com\">info@grasovka.com<\/a><\/h5>\n\n\n<div class=\"gb-grid-wrapper gb-grid-wrapper-b6cfdf4a\">\n<div class=\"gb-grid-column gb-grid-column-c45ef9dd\"><div class=\"gb-container gb-container-c45ef9dd\">\n\n<p class=\"has-originalgreen-color has-text-color has-link-color has-medium-font-size wp-elements-e84d951ebeec0706ea942b4bc0b2c873\"><strong>Germany:<\/strong><br>DIVERSA Spezialit\u00e4ten GmbH<br>Underbergstra\u00dfe&nbsp;3<br>47495 Rheinberg<br>Germany<\/p>\n\n\n\n<p class=\"has-originalgreen-color has-text-color has-link-color has-medium-font-size wp-elements-70f7d06f8c27a5824bd1d084970e89b5\"><strong>Austria:<\/strong><br>Top Spirit Handels- und Verkaufsgesellschaft&nbsp;m.b.H.<br>Heiligenst\u00e4dterstra\u00dfe 43<br>1190 Wien<br>Austria<br><a href=\"mailto:services@topspirit.at\">services@topspirit.at<\/a><\/p>\n\n\n\n<p class=\"has-originalgreen-color has-text-color has-link-color has-medium-font-size wp-elements-a64dda905d7f276ce28ec4f74319dc77\"><strong>The Netherlands:<\/strong><br>Walraven Sax<br>Prinsenkade 5<br>4811 VB Breda<br>The Netherlands<br><a href=\"mailto:info@walravensax.nl\">info@walravensax.nl<\/a><\/p>\n\n\n\n<p class=\"has-originalgreen-color has-text-color has-link-color has-medium-font-size wp-elements-7fc2e0c0dde84787861fef9921fcc52b\"><strong>Paraguay:<\/strong><br>Mannah S.R.L. T\/A Mannah<br>Av. Monsenior Rodriguez 810<br>7000 CIUDAD DEL ESTE<br>Paraguay<br>Tel.: +595 61 501 108<br>E-Mail: <a href=\"mailto:mannah@mannah.com.py\">mannah@mannah.com.py<\/a><\/p>\n\n\n\n<p class=\"has-originalgreen-color has-text-color has-link-color has-medium-font-size wp-elements-7d01532b70667c622d60b0c4e3bd3af4\"><\/p>\n\n<\/div><\/div>\n\n<div class=\"gb-grid-column gb-grid-column-5b954ef5\"><div class=\"gb-container gb-container-5b954ef5\">\n\n<p class=\"has-originalgreen-color has-text-color has-link-color has-medium-font-size wp-elements-cb44acc48b83104f8f03ce5503c4935f\"><strong>Switzerland:<\/strong><br>Lateltin AG<br>Im H\u00f6lderli 19<br>8405&nbsp; Winterthur<br>Switzerland<br>Tel.: +41 52 234 45 45<br><a href=\"mailto:info@lateltin.com\">info@lateltin.com<\/a><\/p>\n\n\n\n<p class=\"has-originalgreen-color has-text-color has-link-color has-medium-font-size wp-elements-3034c66d78c453bb7ca912e6ea05a854\"><strong>United Kingdom:<\/strong><br>Hammonds of Knutsford<br>Pedley House Lane<br>Warford Grange Farm<br>GREAT WARFORD KNUTSFORD<br>WA16 7SP<br>Tel.: 01565 872 872<\/p>\n\n\n\n<p class=\"has-originalgreen-color has-text-color has-link-color has-medium-font-size wp-elements-012a15d260dc0829a8af4136f6e24dbc\"><strong>Greece:<\/strong><br>Concepts SA<br>Trade &amp; Marketing Company<br>16 Mesologiou St.<br>185 45&nbsp; Piraeus<br>Greece<br><a href=\"mailto:info@concepts.gr\">info@concepts.gr<\/a><\/p>\n\n<\/div><\/div>\n<\/div>\n<\/div>\n<\/div>\n\n\n<p><\/p>\n","protected":false},"excerpt":{"rendered":"<p>Dystrybutorzy Grasovka jest dost\u0119pna w wielu krajach. Je\u015bli Tw\u00f3j kraj nie jest wymieniony, skontaktuj si\u0119 z nami pod adresem\u00a0info@grasovka.com<\/p>\n","protected":false},"author":2,"featured_media":0,"parent":0,"menu_order":0,"comment_status":"closed","ping_status":"closed","template":"","meta":{"_acf_changed":false,"footnotes":""},"class_list":["post-974","page","type-page","status-publish"],"acf":[],"_links":{"self":[{"href":"https:\/\/grasovka.de\/pl\/wp-json\/wp\/v2\/pages\/974","targetHints":{"allow":["GET"]}}],"collection":[{"href":"https:\/\/grasovka.de\/pl\/wp-json\/wp\/v2\/pages"}],"about":[{"href":"https:\/\/grasovka.de\/pl\/wp-json\/wp\/v2\/types\/page"}],"author":[{"embeddable":true,"href":"https:\/\/grasovka.de\/pl\/wp-json\/wp\/v2\/users\/2"}],"replies":[{"embeddable":true,"href":"https:\/\/grasovka.de\/pl\/wp-json\/wp\/v2\/comments?post=974"}],"version-history":[{"count":3,"href":"https:\/\/grasovka.de\/pl\/wp-json\/wp\/v2\/pages\/974\/revisions"}],"predecessor-version":[{"id":1163,"href":"https:\/\/grasovka.de\/pl\/wp-json\/wp\/v2\/pages\/974\/revisions\/1163"}],"wp:attachment":[{"href":"https:\/\/grasovka.de\/pl\/wp-json\/wp\/v2\/media?parent=974"}],"curies":[{"name":"wp","href":"https:\/\/api.w.org\/{rel}","templated":true}]}}