{"id":906,"date":"2025-09-28T16:24:39","date_gmt":"2025-09-28T14:24:39","guid":{"rendered":"https:\/\/grasovka.de\/pl\/?page_id=906"},"modified":"2025-12-10T18:40:22","modified_gmt":"2025-12-10T17:40:22","slug":"impressum","status":"publish","type":"page","link":"https:\/\/grasovka.de\/pl\/impressum\/","title":{"rendered":"Impressum"},"content":{"rendered":"<div class=\"gb-container gb-container-4207d9dc alignfull\">\n<div class=\"gb-container gb-container-1977e64b\">\n\n<h2 class=\"gb-headline gb-headline-2a25b71b gb-headline-text\">Nota prawna<\/h2>\n\n\n<div class=\"gb-grid-wrapper gb-grid-wrapper-247511a3\">\n<div class=\"gb-grid-column gb-grid-column-58e13963\"><div class=\"gb-container gb-container-58e13963\">\n\n<h2 class=\"gb-headline gb-headline-d95d7ea8 gb-headline-text\"><strong>GRASOVKA importowo-eksportowa GmbH<\/strong><br>Underbergstra\u00dfe 3<br>47495 Rheinberg<br>Tel.: 0049 2843 \/ 920 \u2013 0<br>E-Mail:\u00a0<a href=\"mailto:info@grasovka.com\">info@grasovka.com<\/a><br><br><strong>Zarz\u0105d:<\/strong><br>Frank Barwinski, Thomas Mempel, Michael S\u00f6hlke<br><br><strong>Rejestr handlowy:<\/strong><br>Kleve<br>HRB 13493<br><\/h2>\n\n\n\n<p class=\"has-originalgreen-color has-text-color has-link-color wp-elements-ddfdf1ec86ce4e1ee44195edfc0c166d\"><strong>Cel<\/strong><\/p>\n\n\n\n<p class=\"has-originalgreen-color has-text-color has-link-color wp-elements-70c62802823fe315ca80dbf9d720d8d2\">GRASOVKA importowo-eksportowa GmbH utrzymuje zawarto\u015b\u0107 strony internetowej w celach public relations i og\u00f3lnej informacji publicznej. GRASOVKA importowo-eksportowa GmbH zastrzega sobie prawo do odrzucenia wszelkich informacji, ofert, zam\u00f3wie\u0144, propozycji, komentarzy lub innych informacji, kt\u00f3re s\u0105 udost\u0119pniane GRASOVKA importowo-eksportowa GmbH za po\u015brednictwem strony internetowej GRASOVKA importowo-eksportowa GmbH. Je\u015bli chc\u0105 Pa\u0144stwo korzysta\u0107 i wykorzystywa\u0107 zawarto\u015b\u0107 strony internetowej, zobowi\u0105zuj\u0105 si\u0119 Pa\u0144stwo do pisemnego poinformowania o tym GRASOVKA importowo-eksportowa GmbH i do korzystania z tre\u015bci wy\u0142\u0105cznie zgodnie z odpowiedni\u0105 umow\u0105 z GRASOVKA importowo-eksportowa GmbH. Je\u015bli korzystaj\u0105 Pa\u0144stwo z tre\u015bci lub je wykorzystuj\u0105 bez odpowiedniego zezwolenia GRASOVKA importowo-eksportowa GmbH, zobowi\u0105zuj\u0105 si\u0119 Pa\u0144stwo do przej\u0119cia wszelkiej odpowiedzialno\u015bci za ewentualne roszczenia, koszty, szkody, kt\u00f3re poniesie GRASOVKA importowo-eksportowa GmbH w wyniku Pa\u0144stwa dzia\u0142a\u0144 lub zaniecha\u0144.<\/p>\n\n\n\n<p class=\"has-originalgreen-color has-text-color has-link-color wp-elements-a675d2554d9a62e3d61dd2fb68a342a3\"><strong>Hiper\u0142\u0105cza<\/strong><\/p>\n\n\n\n<p class=\"has-originalgreen-color has-text-color has-link-color wp-elements-9e8c6e62d30d5f12dead471269252145\">GRASOVKA importowo-eksportowa GmbH tworzy po uzyskaniu zgody od odpowiednich tw\u00f3rc\u00f3w hiper\u0142\u0105cza (strony internetowe, kt\u00f3re mog\u0105 Pa\u0144stwo odwiedzi\u0107 z naszej strony internetowej) do innych stron internetowych lub przedstawia ich zawarto\u015b\u0107 na w\u0142asnej stronie internetowej GRASOVKA importowo-eksportowa GmbH. GRASOVKA importowo-eksportowa GmbH nie ponosi odpowiedzialno\u015bci za tre\u015bci takich stron internetowych ani za ich ewentualne wykorzystanie. Je\u015bli korzystaj\u0105 Pa\u0144stwo ze stron internetowych takich os\u00f3b trzecich, robi\u0105 to Pa\u0144stwo wy\u0142\u0105cznie na w\u0142asne ryzyko.<\/p>\n\n\n\n<p class=\"has-originalgreen-color has-text-color has-link-color wp-elements-2126d43f9275a766eb9493eed220ee8a\"><strong>Po\u0142\u0105czone strony internetowe<\/strong><\/p>\n\n\n\n<p class=\"has-originalgreen-color has-text-color has-link-color wp-elements-edcca82cd9d31fb656167c116346f991\">Je\u015bli chc\u0105 Pa\u0144stwo utworzy\u0107 link do strony internetowej GRASOVKA importowo-eksportowa GmbH, mog\u0105 to Pa\u0144stwo zrobi\u0107 zgodnie z niniejszymi warunkami. Nie wolno jednak przedstawia\u0107 tre\u015bci GRASOVKA importowo-eksportowa GmbH jako w\u0142asnych.<\/p>\n\n\n\n<p class=\"has-originalgreen-color has-text-color has-link-color wp-elements-3d012223b8ba244c792b807e294ca796\"><strong>Prawa autorskie<\/strong><\/p>\n\n\n\n<p class=\"has-originalgreen-color has-text-color has-link-color wp-elements-cb9ae8662540ca8dfe15651ea92d5c28\">Teksty, obrazy, grafiki, pliki d\u017awi\u0119kowe, wideo i animacyjne oraz ich uk\u0142ady podlegaj\u0105 prawu autorskiemu i innym przepisom o ochronie w\u0142asno\u015bci intelektualnej. Nie mog\u0105 by\u0107 kopiowane w celach handlowych ani do prywatnego przekazywania, ani zmieniane i wykorzystywane na innych stronach internetowych. Nieuprawnione wykorzystanie, reprodukcja lub rozpowszechnianie poszczeg\u00f3lnych tre\u015bci lub kompletnych stron b\u0119dzie \u015bcigane zar\u00f3wno karnie, jak i cywilnie. Copyright 2017 by GRASOVKA importowo-eksportowa GmbH, Rheinberg. Wszelkie prawa zastrze\u017cone. Prawa ochrony autorskiej oraz inne prawa w\u0142asno\u015bci intelektualnej os\u00f3b trzecich pozostaj\u0105 w ca\u0142o\u015bci przy odpowiednim w\u0142a\u015bcicielu praw, o ile w ramach witryny internetowej GRASOVKA importowo-eksportowa GmbH przekazywane s\u0105 linki do stron internetowych os\u00f3b trzecich.<\/p>\n\n<\/div><\/div>\n<\/div>\n<\/div>\n<\/div>\n\n\n<p><\/p>\n","protected":false},"excerpt":{"rendered":"<p>Nota prawna<\/p>\n","protected":false},"author":2,"featured_media":0,"parent":0,"menu_order":0,"comment_status":"closed","ping_status":"closed","template":"","meta":{"_acf_changed":false,"footnotes":""},"class_list":["post-906","page","type-page","status-publish"],"acf":[],"_links":{"self":[{"href":"https:\/\/grasovka.de\/pl\/wp-json\/wp\/v2\/pages\/906","targetHints":{"allow":["GET"]}}],"collection":[{"href":"https:\/\/grasovka.de\/pl\/wp-json\/wp\/v2\/pages"}],"about":[{"href":"https:\/\/grasovka.de\/pl\/wp-json\/wp\/v2\/types\/page"}],"author":[{"embeddable":true,"href":"https:\/\/grasovka.de\/pl\/wp-json\/wp\/v2\/users\/2"}],"replies":[{"embeddable":true,"href":"https:\/\/grasovka.de\/pl\/wp-json\/wp\/v2\/comments?post=906"}],"version-history":[{"count":2,"href":"https:\/\/grasovka.de\/pl\/wp-json\/wp\/v2\/pages\/906\/revisions"}],"predecessor-version":[{"id":1165,"href":"https:\/\/grasovka.de\/pl\/wp-json\/wp\/v2\/pages\/906\/revisions\/1165"}],"wp:attachment":[{"href":"https:\/\/grasovka.de\/pl\/wp-json\/wp\/v2\/media?parent=906"}],"curies":[{"name":"wp","href":"https:\/\/api.w.org\/{rel}","templated":true}]}}