{"id":738,"date":"2025-09-26T17:42:56","date_gmt":"2025-09-26T15:42:56","guid":{"rendered":"https:\/\/grasovka.de\/pl\/?page_id=738"},"modified":"2025-12-10T18:24:15","modified_gmt":"2025-12-10T17:24:15","slug":"history","status":"publish","type":"page","link":"https:\/\/grasovka.de\/pl\/history\/","title":{"rendered":"History"},"content":{"rendered":"<div class=\"gb-container gb-container-88fd6999 alignfull\">\n<div class=\"gb-container gb-container-2b63e27f\"><\/div>\n<\/div>\n\n<div class=\"gb-container gb-container-54cf4c93\">\n<div class=\"gb-container gb-container-167ded85\">\n<div class=\"gb-grid-wrapper gb-grid-wrapper-81c9d034\">\n<div class=\"gb-grid-column gb-grid-column-8a1d53a9\"><div class=\"gb-container gb-container-8a1d53a9\">\n\n<h2 class=\"gb-headline gb-headline-aff6b01d gb-headline-text backgroundfont\"><span>Pocz\u0105tki w\u00f3dki<\/span><\/h2>\n\n<\/div><\/div>\n<\/div>\n\n<div class=\"gb-grid-wrapper gb-grid-wrapper-b8350b74\">\n<div class=\"gb-grid-column gb-grid-column-71aad373\"><div class=\"gb-container gb-container-71aad373\">\n\n<figure class=\"gb-block-image gb-block-image-6c9552f8\"><img loading=\"lazy\" decoding=\"async\" width=\"611\" height=\"611\" class=\"gb-image gb-image-6c9552f8\" src=\"https:\/\/grasovka.de\/pl\/wp-content\/uploads\/sites\/4\/history1.png\" alt=\"\" title=\"history1\" srcset=\"https:\/\/grasovka.de\/pl\/wp-content\/uploads\/sites\/4\/history1.png 611w, https:\/\/grasovka.de\/pl\/wp-content\/uploads\/sites\/4\/history1-300x300.png 300w, https:\/\/grasovka.de\/pl\/wp-content\/uploads\/sites\/4\/history1-150x150.png 150w\" sizes=\"auto, (max-width: 611px) 100vw, 611px\" \/><\/figure>\n\n<\/div><\/div>\n\n<div class=\"gb-grid-column gb-grid-column-5e21f8e7\"><div class=\"gb-container gb-container-5e21f8e7\">\n\n<p class=\"gb-headline gb-headline-29d77123 gb-headline-text\">W\u00f3dka w t\u0142umaczeniu oznacza po prostu \u201ew\u00f3deczka&#8221;. Brzmi niewinnie, ale kryje si\u0119 za tym trunek o kultowym statusie i historii tak starej, jak tajemniczej.<\/p>\n\n\n\n<p class=\"gb-headline gb-headline-4e850e8b gb-headline-text\">Gdzie si\u0119 to wszystko zacz\u0119\u0142o? Polska i Rosja spieraj\u0105 si\u0119 o to do dzi\u015b. Oba kraje twierdz\u0105, \u017ce to one jako pierwsze wytworzy\u0142y przezroczysty destylat ze zbo\u017ca. W\u00f3wczas w\u00f3dka by\u0142a jednak mniej paliwem imprezowym, a bardziej lekarstwem. Destylowano j\u0105 \u0142agodnie, dodawano zio\u0142a, korzenie, a nawet traw\u0119 \u017cubrow\u0105 \u2013 i przysi\u0119gano, \u017ce leczy cia\u0142o i ducha.<\/p>\n\n\n\n<p class=\"gb-headline gb-headline-0c6a5384 gb-headline-text\">Dopiero w XVIII wieku w\u00f3dka sta\u0142a si\u0119 tym przejrzystym, czystym destylatem, kt\u00f3ry znamy dzi\u015b. I w\u0142a\u015bnie wtedy jej kariera jako kultowego napoju nabra\u0142a tempa. Od lodowatych przestrzeni Europy Wschodniej po bary na ca\u0142ym \u015bwiecie \u2013 w\u00f3dka nagle by\u0142a wsz\u0119dzie i nieustannie by\u0142a na nowo interpretowana.<\/p>\n\n<\/div><\/div>\n<\/div>\n<\/div>\n<\/div>\n\n<div class=\"gb-container gb-container-fbdd0755 alignfull\">\n<div class=\"gb-container gb-container-f5ed6e17\">\n<div class=\"gb-grid-wrapper gb-grid-wrapper-44ce7204\">\n<div class=\"gb-grid-column gb-grid-column-b90d0a13\"><div class=\"gb-container gb-container-b90d0a13\">\n\n<h2 class=\"gb-headline gb-headline-24493a39 gb-headline-text\">Historia trawy \u017cubrowej<\/h2>\n\n\n\n<p class=\"gb-headline gb-headline-73de61cb gb-headline-text\">Trawa \u017cubrowa ro\u015bnie w dziewiczych lasach Polski i podczas suszenia wydziela sw\u00f3j niepowtarzalny zapach wanilii i przytulii wonnej. Od wiek\u00f3w przyci\u0105ga europejskie \u017cubry \u2013 st\u0105d jej nazwa.<\/p>\n\n\n\n<p class=\"gb-headline gb-headline-4b31f443 gb-headline-text\">Ju\u017c od dawna ludzie wykorzystywali t\u0119 traw\u0119 do uszlachetniania alkoholi. Nie jako gad\u017cet, ale jako symbol natury, czysto\u015bci i charakteru.<\/p>\n\n\n\n<p class=\"gb-headline gb-headline-ad9c554b gb-headline-text\">Grasovka Original kontynuuje t\u0119 tradycj\u0119: ka\u017cde \u017ad\u017ab\u0142o w butelce przypomina o pochodzeniu, dziczy i autentycznym duchu, kt\u00f3ry reprezentuje Grasovka. \u017badna zabawa, ale znak rozpoznawczy, kt\u00f3ry jest wyj\u0105tkowy na ca\u0142ym \u015bwiecie.<\/p>\n\n<\/div><\/div>\n\n<div class=\"gb-grid-column gb-grid-column-c0ff0ff8\"><div class=\"gb-container gb-container-c0ff0ff8\">\n\n<figure class=\"gb-block-image gb-block-image-1e45cbd6\"><img loading=\"lazy\" decoding=\"async\" width=\"611\" height=\"611\" class=\"gb-image gb-image-1e45cbd6\" src=\"https:\/\/grasovka.de\/pl\/wp-content\/uploads\/sites\/4\/bisongras.png\" alt=\"\" title=\"bisongras\" srcset=\"https:\/\/grasovka.de\/pl\/wp-content\/uploads\/sites\/4\/bisongras.png 611w, https:\/\/grasovka.de\/pl\/wp-content\/uploads\/sites\/4\/bisongras-300x300.png 300w, https:\/\/grasovka.de\/pl\/wp-content\/uploads\/sites\/4\/bisongras-150x150.png 150w\" sizes=\"auto, (max-width: 611px) 100vw, 611px\" \/><\/figure>\n\n<\/div><\/div>\n<\/div>\n<\/div>\n<\/div>\n\n\n<p><\/p>\n","protected":false},"excerpt":{"rendered":"","protected":false},"author":1,"featured_media":0,"parent":0,"menu_order":0,"comment_status":"closed","ping_status":"closed","template":"","meta":{"_acf_changed":false,"footnotes":""},"class_list":["post-738","page","type-page","status-publish"],"acf":[],"_links":{"self":[{"href":"https:\/\/grasovka.de\/pl\/wp-json\/wp\/v2\/pages\/738","targetHints":{"allow":["GET"]}}],"collection":[{"href":"https:\/\/grasovka.de\/pl\/wp-json\/wp\/v2\/pages"}],"about":[{"href":"https:\/\/grasovka.de\/pl\/wp-json\/wp\/v2\/types\/page"}],"author":[{"embeddable":true,"href":"https:\/\/grasovka.de\/pl\/wp-json\/wp\/v2\/users\/1"}],"replies":[{"embeddable":true,"href":"https:\/\/grasovka.de\/pl\/wp-json\/wp\/v2\/comments?post=738"}],"version-history":[{"count":2,"href":"https:\/\/grasovka.de\/pl\/wp-json\/wp\/v2\/pages\/738\/revisions"}],"predecessor-version":[{"id":1160,"href":"https:\/\/grasovka.de\/pl\/wp-json\/wp\/v2\/pages\/738\/revisions\/1160"}],"wp:attachment":[{"href":"https:\/\/grasovka.de\/pl\/wp-json\/wp\/v2\/media?parent=738"}],"curies":[{"name":"wp","href":"https:\/\/api.w.org\/{rel}","templated":true}]}}