{"id":302,"date":"2025-09-25T14:28:34","date_gmt":"2025-09-25T12:28:34","guid":{"rendered":"https:\/\/grasovka.de\/pl\/?page_id=302"},"modified":"2025-12-10T18:10:49","modified_gmt":"2025-12-10T17:10:49","slug":"grasovka-apple","status":"publish","type":"page","link":"https:\/\/grasovka.de\/pl\/grasovka-apple\/","title":{"rendered":"Grasovka Apple"},"content":{"rendered":"<div class=\"gb-container gb-container-88fd6999 alignfull\">\n<div class=\"gb-container gb-container-2b63e27f\"><\/div>\n<\/div>\n\n<div class=\"gb-container gb-container-25d46ee6\">\n<div class=\"gb-container gb-container-10219acd\">\n<div class=\"gb-container gb-container-f48b645f\">\n\n<figure class=\"gb-block-image gb-block-image-6e7f3f8e\"><img loading=\"lazy\" decoding=\"async\" width=\"100\" height=\"100\" class=\"gb-image gb-image-6e7f3f8e\" src=\"https:\/\/grasovka.de\/pl\/wp-content\/uploads\/sites\/4\/AppleLogo2.svg\" alt=\"\" title=\"AppleLogo2\"\/><\/figure>\n\n\n<div class=\"gb-grid-wrapper gb-grid-wrapper-47e147f1\">\n<div class=\"gb-grid-column gb-grid-column-552eb23f\"><div class=\"gb-container gb-container-552eb23f\">\n\n<p class=\"gb-headline gb-headline-f17266b8 gb-headline-text\">Grasovka Apple jest ready to drink i gotowa na wszystko, co przyniesie wiecz\u00f3r. Owocowa, \u015bwie\u017ca i zawsze on point.<\/p>\n\n<\/div><\/div>\n<\/div>\n<\/div>\n<\/div>\n<\/div>\n\n<div class=\"gb-container gb-container-3061a8c0 alignfull\">\n<div class=\"gb-container gb-container-9a1a175d\">\n<div class=\"gb-grid-wrapper gb-grid-wrapper-1f79651a\">\n<div class=\"gb-grid-column gb-grid-column-9d5b488e\"><div class=\"gb-container gb-container-9d5b488e\">\n\n<figure class=\"gb-block-image gb-block-image-6d9a9bfe\"><img loading=\"lazy\" decoding=\"async\" width=\"604\" height=\"1057\" class=\"gb-image gb-image-6d9a9bfe\" src=\"https:\/\/grasovka.de\/pl\/wp-content\/uploads\/sites\/4\/apple_section.avif\" alt=\"\" title=\"apple_section\" srcset=\"https:\/\/grasovka.de\/pl\/wp-content\/uploads\/sites\/4\/apple_section.avif 604w, https:\/\/grasovka.de\/pl\/wp-content\/uploads\/sites\/4\/apple_section-171x300.avif 171w, https:\/\/grasovka.de\/pl\/wp-content\/uploads\/sites\/4\/apple_section-585x1024.avif 585w\" sizes=\"auto, (max-width: 604px) 100vw, 604px\" \/><\/figure>\n\n<\/div><\/div>\n\n<div class=\"gb-grid-column gb-grid-column-a240a22b\"><div class=\"gb-container gb-container-a240a22b\">\n\n<figure class=\"gb-block-image gb-block-image-8ccec1f8\"><img loading=\"lazy\" decoding=\"async\" width=\"100\" height=\"100\" class=\"gb-image gb-image-8ccec1f8\" src=\"https:\/\/grasovka.de\/pl\/wp-content\/uploads\/sites\/4\/applelogosmall.svg\" alt=\"\" title=\"applelogosmall\"\/><\/figure>\n\n\n\n<p class=\"gb-headline gb-headline-420b42af gb-headline-text\">Grasovka Apple to drink dla wszystkich, kt\u00f3rzy lubi\u0105 to prosto, a jednocze\u015bnie wyj\u0105tkowo. Oryginalna w\u00f3dka Grasovka spotyka prawdziwy sok jab\u0142kowy i musuj\u0105c\u0105 sod\u0119. Efekt jest \u015bwie\u017cy, owocowy i przyjemnie lekki, bez sztucznych fanaberii.<\/p>\n\n\n\n<p class=\"gb-headline gb-headline-841350b2 gb-headline-text\">Z 10 procentami alkoholu i mn\u00f3stwem smaku, Grasovka Apple to Tw\u00f3j idealny towarzysz na festiwale, spontaniczne wieczory z przyjaci\u00f3\u0142mi czy nast\u0119pny roadtrip. Po prostu sch\u0142\u00f3d\u017a, otw\u00f3rz puszk\u0119 i jedziemy. Mniej s\u0142odka, za to maksymalnie orze\u017awiaj\u0105ca.<\/p>\n\n<\/div><\/div>\n<\/div>\n<\/div>\n<\/div>\n\n<div class=\"gb-container gb-container-b2d1f410\">\n<div class=\"gb-container gb-container-a05ebcfe\">\n\n<h2 class=\"gb-headline gb-headline-f8866b3e gb-headline-text backgroundfontapple\"><span>POCZEKAJ CHWIL\u0118. MAMY DLA CIEBIE<\/span><br><span>JESZCZE WI\u0118CEJ GRASOVKI.<\/span><\/h2>\n\n<\/div>\n<\/div>\n\n<div class=\"gb-container gb-container-031b210c\">\n<div class=\"gb-container gb-container-83dcd451\">\n<div class=\"gb-grid-wrapper gb-grid-wrapper-30193626\">\n<div class=\"gb-grid-column gb-grid-column-f2591b94\"><div class=\"gb-container gb-container-f2591b94\">\n<div class=\"gb-grid-wrapper gb-grid-wrapper-55f1970a\">\n<div class=\"gb-grid-column gb-grid-column-7b3a2935\"><div class=\"gb-container gb-container-7b3a2935\">\n\n<figure class=\"gb-block-image gb-block-image-99fb7bd7\"><img loading=\"lazy\" decoding=\"async\" width=\"449\" height=\"1385\" class=\"gb-image gb-image-99fb7bd7\" src=\"https:\/\/grasovka.de\/pl\/wp-content\/uploads\/sites\/4\/original-angled.avif\" alt=\"\" title=\"original-angled\" srcset=\"https:\/\/grasovka.de\/pl\/wp-content\/uploads\/sites\/4\/original-angled.avif 449w, https:\/\/grasovka.de\/pl\/wp-content\/uploads\/sites\/4\/original-angled-97x300.avif 97w, https:\/\/grasovka.de\/pl\/wp-content\/uploads\/sites\/4\/original-angled-332x1024.avif 332w\" sizes=\"auto, (max-width: 449px) 100vw, 449px\" \/><\/figure>\n\n<\/div><\/div>\n<\/div>\n\n\n<a class=\"gb-button gb-button-edde195a gb-button-text\" href=\"https:\/\/grasovka.de\/pl\/grasovka-original\/\">WI\u0118CEJ O Original<\/a>\n\n<\/div><\/div>\n\n<div class=\"gb-grid-column gb-grid-column-0b6f8fb0\"><div class=\"gb-container gb-container-0b6f8fb0\">\n<div class=\"gb-grid-wrapper gb-grid-wrapper-22a5e69b\">\n<div class=\"gb-grid-column gb-grid-column-e0b784d2\"><div class=\"gb-container gb-container-e0b784d2\">\n\n<figure class=\"gb-block-image gb-block-image-a448de6c\"><img loading=\"lazy\" decoding=\"async\" width=\"267\" height=\"758\" class=\"gb-image gb-image-a448de6c\" src=\"https:\/\/grasovka.de\/pl\/wp-content\/uploads\/sites\/4\/Pure_07L_VEtrans-1.png\" alt=\"\" title=\"Pure_0,7L_VEtrans\" srcset=\"https:\/\/grasovka.de\/pl\/wp-content\/uploads\/sites\/4\/Pure_07L_VEtrans-1.png 267w, https:\/\/grasovka.de\/pl\/wp-content\/uploads\/sites\/4\/Pure_07L_VEtrans-1-106x300.png 106w\" sizes=\"auto, (max-width: 267px) 100vw, 267px\" \/><\/figure>\n\n<\/div><\/div>\n<\/div>\n\n\n<a class=\"gb-button gb-button-a5d3ad33 gb-button-text\" href=\"https:\/\/grasovka.de\/pl\/grasovka-pure\/\">WI\u0118CEJ O PURE<\/a>\n\n<\/div><\/div>\n<\/div>\n<\/div>\n<\/div>\n\n\n<div style=\"height:200px\" aria-hidden=\"true\" class=\"wp-block-spacer\"><\/div>\n","protected":false},"excerpt":{"rendered":"<p>POCZEKAJ CHWIL\u0118. MAMY DLA CIEBIEJESZCZE WI\u0118CEJ GRASOVKI.<\/p>\n","protected":false},"author":1,"featured_media":0,"parent":0,"menu_order":0,"comment_status":"closed","ping_status":"closed","template":"","meta":{"_acf_changed":false,"footnotes":""},"class_list":["post-302","page","type-page","status-publish"],"acf":[],"_links":{"self":[{"href":"https:\/\/grasovka.de\/pl\/wp-json\/wp\/v2\/pages\/302","targetHints":{"allow":["GET"]}}],"collection":[{"href":"https:\/\/grasovka.de\/pl\/wp-json\/wp\/v2\/pages"}],"about":[{"href":"https:\/\/grasovka.de\/pl\/wp-json\/wp\/v2\/types\/page"}],"author":[{"embeddable":true,"href":"https:\/\/grasovka.de\/pl\/wp-json\/wp\/v2\/users\/1"}],"replies":[{"embeddable":true,"href":"https:\/\/grasovka.de\/pl\/wp-json\/wp\/v2\/comments?post=302"}],"version-history":[{"count":2,"href":"https:\/\/grasovka.de\/pl\/wp-json\/wp\/v2\/pages\/302\/revisions"}],"predecessor-version":[{"id":1158,"href":"https:\/\/grasovka.de\/pl\/wp-json\/wp\/v2\/pages\/302\/revisions\/1158"}],"wp:attachment":[{"href":"https:\/\/grasovka.de\/pl\/wp-json\/wp\/v2\/media?parent=302"}],"curies":[{"name":"wp","href":"https:\/\/api.w.org\/{rel}","templated":true}]}}