{"id":288,"date":"2025-09-25T14:05:26","date_gmt":"2025-09-25T12:05:26","guid":{"rendered":"https:\/\/grasovka.de\/pl\/?page_id=288"},"modified":"2025-12-10T17:54:46","modified_gmt":"2025-12-10T16:54:46","slug":"grasovka-pure","status":"publish","type":"page","link":"https:\/\/grasovka.de\/pl\/grasovka-pure\/","title":{"rendered":"Grasovka Pure"},"content":{"rendered":"<div class=\"gb-container gb-container-88fd6999 alignfull\">\n<div class=\"gb-container gb-container-2b63e27f\"><\/div>\n<\/div>\n\n<div class=\"gb-container gb-container-25d46ee6\">\n<div class=\"gb-container gb-container-10219acd\">\n<div class=\"gb-container gb-container-f48b645f\">\n\n<figure class=\"gb-block-image gb-block-image-6e7f3f8e\"><img loading=\"lazy\" decoding=\"async\" width=\"100\" height=\"100\" class=\"gb-image gb-image-6e7f3f8e\" src=\"https:\/\/grasovka.de\/pl\/wp-content\/uploads\/sites\/4\/Purelogo2.svg\" alt=\"\" title=\"Purelogo2\"\/><\/figure>\n\n\n<div class=\"gb-grid-wrapper gb-grid-wrapper-47e147f1\">\n<div class=\"gb-grid-column gb-grid-column-552eb23f\"><div class=\"gb-container gb-container-552eb23f\">\n\n<p class=\"gb-headline gb-headline-f17266b8 gb-headline-text\">Grasovka Pure to w\u00f3dka w swojej najczystszej formie \u2013 czysta, \u0142agodna i absolutnie pe\u0142na charakteru. Idealny towarzysz dla wszystkich, kt\u00f3rzy nie id\u0105 na kompromisy i kochaj\u0105 prawdziwy smak.<\/p>\n\n<\/div><\/div>\n<\/div>\n<\/div>\n<\/div>\n<\/div>\n\n<div class=\"gb-container gb-container-3061a8c0 alignfull\">\n<div class=\"gb-container gb-container-9a1a175d\">\n<div class=\"gb-grid-wrapper gb-grid-wrapper-1f79651a\">\n<div class=\"gb-grid-column gb-grid-column-9d5b488e\"><div class=\"gb-container gb-container-9d5b488e\">\n\n<figure class=\"gb-block-image gb-block-image-6d9a9bfe\"><img loading=\"lazy\" decoding=\"async\" width=\"453\" height=\"1395\" class=\"gb-image gb-image-6d9a9bfe\" src=\"https:\/\/grasovka.de\/pl\/wp-content\/uploads\/sites\/4\/pureunangled.avif\" alt=\"\" title=\"pureunangled\" srcset=\"https:\/\/grasovka.de\/pl\/wp-content\/uploads\/sites\/4\/pureunangled.avif 453w, https:\/\/grasovka.de\/pl\/wp-content\/uploads\/sites\/4\/pureunangled-97x300.avif 97w, https:\/\/grasovka.de\/pl\/wp-content\/uploads\/sites\/4\/pureunangled-333x1024.avif 333w\" sizes=\"auto, (max-width: 453px) 100vw, 453px\" \/><\/figure>\n\n<\/div><\/div>\n\n<div class=\"gb-grid-column gb-grid-column-a240a22b\"><div class=\"gb-container gb-container-a240a22b\">\n\n<figure class=\"gb-block-image gb-block-image-8ccec1f8\"><img loading=\"lazy\" decoding=\"async\" width=\"100\" height=\"100\" class=\"gb-image gb-image-8ccec1f8\" src=\"https:\/\/grasovka.de\/pl\/wp-content\/uploads\/sites\/4\/Purelogosmallv2.svg\" alt=\"\" title=\"Purelogosmallv2\"\/><\/figure>\n\n\n\n<p class=\"gb-headline gb-headline-420b42af gb-headline-text\">Grasovka Pure reprezentuje esencj\u0119 polskiej sztuki destylacji. Bez trawy \u017cubrowej, bez aromat\u00f3w, tylko czysty destylat zbo\u017cowy, znany ze swojej wyj\u0105tkowej \u0142agodno\u015bci i elegancji. W\u00f3dka, kt\u00f3ra pokazuje, jak smakuje czysta przyjemno\u015b\u0107.<\/p>\n\n\n\n<p class=\"gb-headline gb-headline-59d8aaa4 gb-headline-text\">Ob pur auf Eis oder als Basis f\u00fcr deine liebsten Cocktails \u2013 Grasovka Pure ist die perfekte Wahl f\u00fcr alle, die Klarheit und Stil sch\u00e4tzen. Direkt, unaufgeregt und immer ein Statement, wenn er ins Glas kommt.<\/p>\n\n<\/div><\/div>\n<\/div>\n<\/div>\n<\/div>\n\n<div class=\"gb-container gb-container-b2d1f410\">\n<div class=\"gb-container gb-container-a05ebcfe\">\n\n<h2 class=\"gb-headline gb-headline-f8866b3e gb-headline-text backgroundfontblue\"><span>POCZEKAJ CHWIL\u0118. MAMY DLA CIEBIE<\/span><br><span>JESZCZE WI\u0118CEJ GRASOVKI.<\/span><\/h2>\n\n<\/div>\n<\/div>\n\n<div class=\"gb-container gb-container-031b210c\">\n<div class=\"gb-container gb-container-83dcd451\">\n<div class=\"gb-grid-wrapper gb-grid-wrapper-30193626\">\n<div class=\"gb-grid-column gb-grid-column-f2591b94\"><div class=\"gb-container gb-container-f2591b94\">\n<div class=\"gb-grid-wrapper gb-grid-wrapper-55f1970a\">\n<div class=\"gb-grid-column gb-grid-column-7b3a2935\"><div class=\"gb-container gb-container-7b3a2935\">\n\n<figure class=\"gb-block-image gb-block-image-99fb7bd7\"><img loading=\"lazy\" decoding=\"async\" width=\"449\" height=\"1385\" class=\"gb-image gb-image-99fb7bd7\" src=\"https:\/\/grasovka.de\/pl\/wp-content\/uploads\/sites\/4\/original-angled.avif\" alt=\"\" title=\"original-angled\" srcset=\"https:\/\/grasovka.de\/pl\/wp-content\/uploads\/sites\/4\/original-angled.avif 449w, https:\/\/grasovka.de\/pl\/wp-content\/uploads\/sites\/4\/original-angled-97x300.avif 97w, https:\/\/grasovka.de\/pl\/wp-content\/uploads\/sites\/4\/original-angled-332x1024.avif 332w\" sizes=\"auto, (max-width: 449px) 100vw, 449px\" \/><\/figure>\n\n<\/div><\/div>\n<\/div>\n\n\n<a class=\"gb-button gb-button-edde195a gb-button-text\" href=\"https:\/\/grasovka.de\/pl\/grasovka-original\/\">WI\u0118CEJ O ORIGINAL<\/a>\n\n<\/div><\/div>\n\n<div class=\"gb-grid-column gb-grid-column-ec835866\"><div class=\"gb-container gb-container-ec835866\">\n<div class=\"gb-grid-wrapper gb-grid-wrapper-b72900d4\">\n<div class=\"gb-grid-column gb-grid-column-b019f61f\"><div class=\"gb-container gb-container-b019f61f\">\n\n<figure class=\"gb-block-image gb-block-image-a7ae39a9\"><img loading=\"lazy\" decoding=\"async\" width=\"282\" height=\"593\" class=\"gb-image gb-image-a7ae39a9\" src=\"https:\/\/grasovka.de\/pl\/wp-content\/uploads\/sites\/4\/appledose.png\" alt=\"\" title=\"appledose\" srcset=\"https:\/\/grasovka.de\/pl\/wp-content\/uploads\/sites\/4\/appledose.png 282w, https:\/\/grasovka.de\/pl\/wp-content\/uploads\/sites\/4\/appledose-143x300.png 143w\" sizes=\"auto, (max-width: 282px) 100vw, 282px\" \/><\/figure>\n\n<\/div><\/div>\n<\/div>\n\n\n<a class=\"gb-button gb-button-d431ba70 gb-button-text\" href=\"https:\/\/grasovka.de\/pl\/grasovka-apple\/\">WI\u0118CEJ O APPLE<\/a>\n\n<\/div><\/div>\n<\/div>\n<\/div>\n<\/div>\n\n\n<div style=\"height:200px\" aria-hidden=\"true\" class=\"wp-block-spacer\"><\/div>\n","protected":false},"excerpt":{"rendered":"<p>POCZEKAJ CHWIL\u0118. MAMY DLA CIEBIEJESZCZE WI\u0118CEJ GRASOVKI.<\/p>\n","protected":false},"author":1,"featured_media":0,"parent":0,"menu_order":0,"comment_status":"closed","ping_status":"closed","template":"","meta":{"_acf_changed":false,"footnotes":""},"class_list":["post-288","page","type-page","status-publish"],"acf":[],"_links":{"self":[{"href":"https:\/\/grasovka.de\/pl\/wp-json\/wp\/v2\/pages\/288","targetHints":{"allow":["GET"]}}],"collection":[{"href":"https:\/\/grasovka.de\/pl\/wp-json\/wp\/v2\/pages"}],"about":[{"href":"https:\/\/grasovka.de\/pl\/wp-json\/wp\/v2\/types\/page"}],"author":[{"embeddable":true,"href":"https:\/\/grasovka.de\/pl\/wp-json\/wp\/v2\/users\/1"}],"replies":[{"embeddable":true,"href":"https:\/\/grasovka.de\/pl\/wp-json\/wp\/v2\/comments?post=288"}],"version-history":[{"count":2,"href":"https:\/\/grasovka.de\/pl\/wp-json\/wp\/v2\/pages\/288\/revisions"}],"predecessor-version":[{"id":1157,"href":"https:\/\/grasovka.de\/pl\/wp-json\/wp\/v2\/pages\/288\/revisions\/1157"}],"wp:attachment":[{"href":"https:\/\/grasovka.de\/pl\/wp-json\/wp\/v2\/media?parent=288"}],"curies":[{"name":"wp","href":"https:\/\/api.w.org\/{rel}","templated":true}]}}