{"id":155,"date":"2025-09-24T00:32:58","date_gmt":"2025-09-23T22:32:58","guid":{"rendered":"https:\/\/grasovka.de\/pl\/?page_id=155"},"modified":"2025-12-10T17:43:31","modified_gmt":"2025-12-10T16:43:31","slug":"grasovka-original","status":"publish","type":"page","link":"https:\/\/grasovka.de\/pl\/grasovka-original\/","title":{"rendered":"Grasovka Original"},"content":{"rendered":"<div class=\"gb-container gb-container-88fd6999 alignfull\">\n<div class=\"gb-container gb-container-2b63e27f\"><\/div>\n<\/div>\n\n<div class=\"gb-container gb-container-25d46ee6\">\n<div class=\"gb-container gb-container-10219acd\">\n<div class=\"gb-container gb-container-f48b645f\">\n\n<figure class=\"gb-block-image gb-block-image-6e7f3f8e\"><img loading=\"lazy\" decoding=\"async\" width=\"486\" height=\"199\" class=\"gb-image gb-image-6e7f3f8e\" src=\"https:\/\/grasovka.de\/pl\/wp-content\/uploads\/sites\/4\/originallogo.svg\" alt=\"\" title=\"originallogo\"\/><\/figure>\n\n\n<div class=\"gb-grid-wrapper gb-grid-wrapper-47e147f1\">\n<div class=\"gb-grid-column gb-grid-column-552eb23f\"><div class=\"gb-container gb-container-552eb23f\">\n\n<p class=\"gb-headline gb-headline-f17266b8 gb-headline-text\">Grasovka Original to ikona z legendarn\u0105 traw\u0105 \u017cubrow\u0105 \u2013 \u0142agodna, pikantna i niepowtarzalna w smaku.<\/p>\n\n<\/div><\/div>\n<\/div>\n<\/div>\n<\/div>\n<\/div>\n\n<div class=\"gb-container gb-container-3061a8c0 alignfull\">\n<div class=\"gb-container gb-container-9a1a175d\">\n<div class=\"gb-grid-wrapper gb-grid-wrapper-1f79651a\">\n<div class=\"gb-grid-column gb-grid-column-9d5b488e\"><div class=\"gb-container gb-container-9d5b488e\">\n\n<figure class=\"gb-block-image gb-block-image-6d9a9bfe\"><img loading=\"lazy\" decoding=\"async\" width=\"355\" height=\"1080\" class=\"gb-image gb-image-6d9a9bfe\" src=\"https:\/\/grasovka.de\/pl\/wp-content\/uploads\/sites\/4\/Grasovka-Original-4004726004973_VE-05l.png\" alt=\"\" title=\"Grasovka Original 4004726004973_VE 0,5l\" srcset=\"https:\/\/grasovka.de\/pl\/wp-content\/uploads\/sites\/4\/Grasovka-Original-4004726004973_VE-05l.png 355w, https:\/\/grasovka.de\/pl\/wp-content\/uploads\/sites\/4\/Grasovka-Original-4004726004973_VE-05l-99x300.png 99w, https:\/\/grasovka.de\/pl\/wp-content\/uploads\/sites\/4\/Grasovka-Original-4004726004973_VE-05l-337x1024.png 337w\" sizes=\"auto, (max-width: 355px) 100vw, 355px\" \/><\/figure>\n\n<\/div><\/div>\n\n<div class=\"gb-grid-column gb-grid-column-a240a22b\"><div class=\"gb-container gb-container-a240a22b\">\n\n<figure class=\"gb-block-image gb-block-image-8ccec1f8\"><img loading=\"lazy\" decoding=\"async\" width=\"487\" height=\"120\" class=\"gb-image gb-image-8ccec1f8\" src=\"https:\/\/grasovka.de\/pl\/wp-content\/uploads\/sites\/4\/Originalsingle.png\" alt=\"\" title=\"Originalsingle\" srcset=\"https:\/\/grasovka.de\/pl\/wp-content\/uploads\/sites\/4\/Originalsingle.png 487w, https:\/\/grasovka.de\/pl\/wp-content\/uploads\/sites\/4\/Originalsingle-300x74.png 300w\" sizes=\"auto, (max-width: 487px) 100vw, 487px\" \/><\/figure>\n\n\n\n<p class=\"gb-headline gb-headline-420b42af gb-headline-text\">Grasovka Original to klasyk w portfolio i od dawna kultowa pozycja. Produkowana z polskiego \u017cyta, wzbogacona \u017ad\u017ab\u0142em trawy \u017cubrowej w ka\u017cdej butelce, symbolizuje tradycj\u0119 i autentyczno\u015b\u0107. Jej \u0142agodnie-pikantny aromat z lekk\u0105 nut\u0105 zio\u0142ow\u0105 czyni j\u0105 wyj\u0105tkow\u0105 i natychmiast rozpoznawaln\u0105.<\/p>\n\n\n\n<p class=\"gb-headline gb-headline-229e9995 gb-headline-text\">Czy w czystej postaci na lodzie, czy w Polish Mule \u2013 Grasovka Original jest wszechstronna, kultowa i zawsze stanowi statement. Drink, kt\u00f3ry czuje si\u0119 jak w domu wsz\u0119dzie, czy to w barze, czy przy ognisku z przyjaci\u00f3\u0142mi.<\/p>\n\n<\/div><\/div>\n<\/div>\n<\/div>\n<\/div>\n\n<div class=\"gb-container gb-container-b2d1f410\">\n<div class=\"gb-container gb-container-a05ebcfe\">\n\n<h2 class=\"gb-headline gb-headline-f8866b3e gb-headline-text backgroundfont\"><span>POCZEKAJ CHWIL\u0118. MAMY DLA CIEBIE<\/span><br><span>JESZCZE WI\u0118CEJ GRASOVKI.<\/span><\/h2>\n\n<\/div>\n<\/div>\n\n<div class=\"gb-container gb-container-031b210c\">\n<div class=\"gb-container gb-container-83dcd451\">\n<div class=\"gb-grid-wrapper gb-grid-wrapper-30193626\">\n<div class=\"gb-grid-column gb-grid-column-f2591b94\"><div class=\"gb-container gb-container-f2591b94\">\n<div class=\"gb-grid-wrapper gb-grid-wrapper-55f1970a\">\n<div class=\"gb-grid-column gb-grid-column-7b3a2935\"><div class=\"gb-container gb-container-7b3a2935\">\n\n<figure class=\"gb-block-image gb-block-image-99fb7bd7\"><img loading=\"lazy\" decoding=\"async\" width=\"267\" height=\"758\" class=\"gb-image gb-image-99fb7bd7\" src=\"https:\/\/grasovka.de\/pl\/wp-content\/uploads\/sites\/4\/Pure_07L_VEtrans-1.png\" alt=\"\" title=\"Pure_0,7L_VEtrans\" srcset=\"https:\/\/grasovka.de\/pl\/wp-content\/uploads\/sites\/4\/Pure_07L_VEtrans-1.png 267w, https:\/\/grasovka.de\/pl\/wp-content\/uploads\/sites\/4\/Pure_07L_VEtrans-1-106x300.png 106w\" sizes=\"auto, (max-width: 267px) 100vw, 267px\" \/><\/figure>\n\n<\/div><\/div>\n<\/div>\n\n\n<a class=\"gb-button gb-button-edde195a gb-button-text\" href=\"https:\/\/grasovka.de\/pl\/grasovka-pure\/\">WI\u0118CEJ O PURE<\/a>\n\n<\/div><\/div>\n\n<div class=\"gb-grid-column gb-grid-column-ec835866\"><div class=\"gb-container gb-container-ec835866\">\n<div class=\"gb-grid-wrapper gb-grid-wrapper-b72900d4\">\n<div class=\"gb-grid-column gb-grid-column-b019f61f\"><div class=\"gb-container gb-container-b019f61f\">\n\n<figure class=\"gb-block-image gb-block-image-a7ae39a9\"><img loading=\"lazy\" decoding=\"async\" width=\"282\" height=\"593\" class=\"gb-image gb-image-a7ae39a9\" src=\"https:\/\/grasovka.de\/pl\/wp-content\/uploads\/sites\/4\/appledose.png\" alt=\"\" title=\"appledose\" srcset=\"https:\/\/grasovka.de\/pl\/wp-content\/uploads\/sites\/4\/appledose.png 282w, https:\/\/grasovka.de\/pl\/wp-content\/uploads\/sites\/4\/appledose-143x300.png 143w\" sizes=\"auto, (max-width: 282px) 100vw, 282px\" \/><\/figure>\n\n<\/div><\/div>\n<\/div>\n\n\n<a class=\"gb-button gb-button-d431ba70 gb-button-text\" href=\"https:\/\/grasovka.de\/pl\/grasovka-apple\/\">WI\u0118CEJ O APPLE<\/a>\n\n<\/div><\/div>\n<\/div>\n<\/div>\n<\/div>\n\n\n<div style=\"height:200px\" aria-hidden=\"true\" class=\"wp-block-spacer\"><\/div>\n","protected":false},"excerpt":{"rendered":"<p>POCZEKAJ CHWIL\u0118. MAMY DLA CIEBIEJESZCZE WI\u0118CEJ GRASOVKI.<\/p>\n","protected":false},"author":1,"featured_media":0,"parent":0,"menu_order":0,"comment_status":"closed","ping_status":"closed","template":"","meta":{"_acf_changed":false,"footnotes":""},"class_list":["post-155","page","type-page","status-publish"],"acf":[],"_links":{"self":[{"href":"https:\/\/grasovka.de\/pl\/wp-json\/wp\/v2\/pages\/155","targetHints":{"allow":["GET"]}}],"collection":[{"href":"https:\/\/grasovka.de\/pl\/wp-json\/wp\/v2\/pages"}],"about":[{"href":"https:\/\/grasovka.de\/pl\/wp-json\/wp\/v2\/types\/page"}],"author":[{"embeddable":true,"href":"https:\/\/grasovka.de\/pl\/wp-json\/wp\/v2\/users\/1"}],"replies":[{"embeddable":true,"href":"https:\/\/grasovka.de\/pl\/wp-json\/wp\/v2\/comments?post=155"}],"version-history":[{"count":2,"href":"https:\/\/grasovka.de\/pl\/wp-json\/wp\/v2\/pages\/155\/revisions"}],"predecessor-version":[{"id":1155,"href":"https:\/\/grasovka.de\/pl\/wp-json\/wp\/v2\/pages\/155\/revisions\/1155"}],"wp:attachment":[{"href":"https:\/\/grasovka.de\/pl\/wp-json\/wp\/v2\/media?parent=155"}],"curies":[{"name":"wp","href":"https:\/\/api.w.org\/{rel}","templated":true}]}}